{"id":29,"date":"2025-07-24T07:36:03","date_gmt":"2025-07-24T07:36:03","guid":{"rendered":"https:\/\/czapla2.pl\/?page_id=29"},"modified":"2025-11-20T09:58:05","modified_gmt":"2025-11-20T09:58:05","slug":"o-projekcie","status":"publish","type":"page","link":"https:\/\/czapla2.pl\/?page_id=29","title":{"rendered":"O PROJEKCIE"},"content":{"rendered":"\n<div style=\"height:25px\" aria-hidden=\"true\" class=\"wp-block-spacer\"><\/div>\n\n\n\n<div class=\"wp-block-group alignwide is-vertical is-layout-flex wp-container-core-group-is-layout-fe9cc265 wp-block-group-is-layout-flex\">\n<p class=\"has-medium-font-size\">Czapla 2 \u0142\u0105czy histori\u0119 z wsp\u00f3\u0142czesno\u015bci\u0105 w wyj\u0105tkowy spos\u00f3b. W sk\u0142ad projektu wchodzi odrestaurowany historyczny budynek z przywr\u00f3conym charakterystycznym detalem szachulca oraz nowy budynek inspirowany modernizmem. Dwie wille po\u0142\u0105czone s\u0105 wsp\u00f3\u0142czesnym \u0142\u0105cznikiem zewn\u0119trznym i tworz\u0105 niepowtarzalny charakter inwestycji.<\/p>\n\n\n\n<figure class=\"wp-block-image alignwide size-full\"><img loading=\"lazy\" decoding=\"async\" width=\"2560\" height=\"2048\" src=\"https:\/\/czapla2.pl\/wp-content\/uploads\/2025\/11\/Dwa-Budynki-szerszy-kadr-v3-poprawa-lisci-scaled.jpg\" alt=\"\" class=\"wp-image-204\" srcset=\"https:\/\/czapla2.pl\/wp-content\/uploads\/2025\/11\/Dwa-Budynki-szerszy-kadr-v3-poprawa-lisci-scaled.jpg 2560w, https:\/\/czapla2.pl\/wp-content\/uploads\/2025\/11\/Dwa-Budynki-szerszy-kadr-v3-poprawa-lisci-300x240.jpg 300w, https:\/\/czapla2.pl\/wp-content\/uploads\/2025\/11\/Dwa-Budynki-szerszy-kadr-v3-poprawa-lisci-1024x819.jpg 1024w, https:\/\/czapla2.pl\/wp-content\/uploads\/2025\/11\/Dwa-Budynki-szerszy-kadr-v3-poprawa-lisci-768x614.jpg 768w, https:\/\/czapla2.pl\/wp-content\/uploads\/2025\/11\/Dwa-Budynki-szerszy-kadr-v3-poprawa-lisci-1536x1229.jpg 1536w, https:\/\/czapla2.pl\/wp-content\/uploads\/2025\/11\/Dwa-Budynki-szerszy-kadr-v3-poprawa-lisci-2048x1638.jpg 2048w\" sizes=\"auto, (max-width: 2560px) 100vw, 2560px\" \/><\/figure>\n\n\n\n<div style=\"height:0px\" aria-hidden=\"true\" class=\"wp-block-spacer wp-container-content-4daaf377\"><\/div>\n<\/div>\n\n\n\n<div class=\"wp-block-group alignwide is-vertical is-layout-flex wp-container-core-group-is-layout-fe9cc265 wp-block-group-is-layout-flex\">\n<p class=\"has-medium-font-size\">Szczeg\u00f3lne znaczenie w tym projekcie ma rewitalizacja zabytkowego budynku o konstrukcji szachulcowej, kt\u00f3ry stanowi wa\u017cny element lokalnego dziedzictwa architektonicznego. Budynek jest poddany zosta\u0142 pracom konserwatorskim i projektowym, kt\u00f3rych g\u0142\u00f3wnym celem by\u0142o zachowanie jego oryginalnej formy przy jednoczesnym dostosowaniu do wsp\u00f3\u0142czesnych standard\u00f3w u\u017cytkowych. Budynek odzyska\u0142 sw\u00f3j dawny charakter, dosta\u0142 nowe \u017cycie i sta\u0142 si\u0119 integraln\u0105 cz\u0119\u015bci\u0105 nowej, odnowionej przestrzeni miejskiej.<\/p>\n\n\n\n<figure class=\"wp-block-image alignwide size-full\"><img loading=\"lazy\" decoding=\"async\" width=\"2560\" height=\"1810\" src=\"https:\/\/czapla2.pl\/wp-content\/uploads\/2025\/11\/Moody-01-widok-scaled.jpg\" alt=\"\" class=\"wp-image-212\" srcset=\"https:\/\/czapla2.pl\/wp-content\/uploads\/2025\/11\/Moody-01-widok-scaled.jpg 2560w, https:\/\/czapla2.pl\/wp-content\/uploads\/2025\/11\/Moody-01-widok-300x212.jpg 300w, https:\/\/czapla2.pl\/wp-content\/uploads\/2025\/11\/Moody-01-widok-1024x724.jpg 1024w, https:\/\/czapla2.pl\/wp-content\/uploads\/2025\/11\/Moody-01-widok-768x543.jpg 768w, https:\/\/czapla2.pl\/wp-content\/uploads\/2025\/11\/Moody-01-widok-1536x1086.jpg 1536w, https:\/\/czapla2.pl\/wp-content\/uploads\/2025\/11\/Moody-01-widok-2048x1448.jpg 2048w\" sizes=\"auto, (max-width: 2560px) 100vw, 2560px\" \/><\/figure>\n\n\n\n<div style=\"height:0px\" aria-hidden=\"true\" class=\"wp-block-spacer wp-container-content-4daaf377\"><\/div>\n<\/div>\n\n\n\n<div class=\"wp-block-group alignwide is-vertical is-layout-flex wp-container-core-group-is-layout-fe9cc265 wp-block-group-is-layout-flex\">\n<p class=\"has-medium-font-size\">Nowy budynek wyr\u00f3\u017cnia si\u0119 wyra\u017an\u0105 prostot\u0105 i klarowno\u015bci\u0105 formy. Zosta\u0142 zaprojektowany w duchu modernizmu &#8211; jego prosta i geometryczna forma, jasna kolorystyka, du\u017ce przeszklenia oraz po\u0142\u0105czenie z natur\u0105 stanowi\u0105 wsp\u00f3\u0142czesn\u0105 interpretacj\u0119 modernistycznych zasad kompozycji.<\/p>\n\n\n\n<figure class=\"wp-block-image alignwide size-full\"><img loading=\"lazy\" decoding=\"async\" width=\"2560\" height=\"2150\" src=\"https:\/\/czapla2.pl\/wp-content\/uploads\/2025\/07\/Dwa-Budynki-widok-ze-skosa-v2-1-scaled.jpg\" alt=\"\" class=\"wp-image-142\" srcset=\"https:\/\/czapla2.pl\/wp-content\/uploads\/2025\/07\/Dwa-Budynki-widok-ze-skosa-v2-1-scaled.jpg 2560w, https:\/\/czapla2.pl\/wp-content\/uploads\/2025\/07\/Dwa-Budynki-widok-ze-skosa-v2-1-300x252.jpg 300w, https:\/\/czapla2.pl\/wp-content\/uploads\/2025\/07\/Dwa-Budynki-widok-ze-skosa-v2-1-1024x860.jpg 1024w, https:\/\/czapla2.pl\/wp-content\/uploads\/2025\/07\/Dwa-Budynki-widok-ze-skosa-v2-1-768x645.jpg 768w, https:\/\/czapla2.pl\/wp-content\/uploads\/2025\/07\/Dwa-Budynki-widok-ze-skosa-v2-1-1536x1290.jpg 1536w, https:\/\/czapla2.pl\/wp-content\/uploads\/2025\/07\/Dwa-Budynki-widok-ze-skosa-v2-1-2048x1720.jpg 2048w\" sizes=\"auto, (max-width: 2560px) 100vw, 2560px\" \/><\/figure>\n\n\n\n<div style=\"height:0px\" aria-hidden=\"true\" class=\"wp-block-spacer wp-container-content-4daaf377\"><\/div>\n<\/div>\n\n\n\n<div class=\"wp-block-group alignwide is-vertical is-layout-flex wp-container-core-group-is-layout-fe9cc265 wp-block-group-is-layout-flex\">\n<p class=\"has-medium-font-size\">Wielkim atutem tej wyj\u0105tkowej inwestycji s\u0105 przestronne balkony, elegancki taras dachowy oraz starannie zaprojektowany ogr\u00f3d, kt\u00f3re podnosz\u0105 komfort \u017cycia, podkre\u015blaj\u0105 unikalny charakter tego miejsca i tworz\u0105 harmonijne po\u0142\u0105czenie z niezwyk\u0142\u0105 natur\u0105 otaczaj\u0105c\u0105 inwestycj\u0119.<\/p>\n\n\n\n<figure class=\"wp-block-image alignwide size-full\"><img loading=\"lazy\" decoding=\"async\" width=\"2500\" height=\"2100\" src=\"https:\/\/czapla2.pl\/wp-content\/uploads\/2025\/07\/Dziedziniec-trawa-zamiast-kamieni.jpg\" alt=\"\" class=\"wp-image-143\" srcset=\"https:\/\/czapla2.pl\/wp-content\/uploads\/2025\/07\/Dziedziniec-trawa-zamiast-kamieni.jpg 2500w, https:\/\/czapla2.pl\/wp-content\/uploads\/2025\/07\/Dziedziniec-trawa-zamiast-kamieni-300x252.jpg 300w, https:\/\/czapla2.pl\/wp-content\/uploads\/2025\/07\/Dziedziniec-trawa-zamiast-kamieni-1024x860.jpg 1024w, https:\/\/czapla2.pl\/wp-content\/uploads\/2025\/07\/Dziedziniec-trawa-zamiast-kamieni-768x645.jpg 768w, https:\/\/czapla2.pl\/wp-content\/uploads\/2025\/07\/Dziedziniec-trawa-zamiast-kamieni-1536x1290.jpg 1536w, https:\/\/czapla2.pl\/wp-content\/uploads\/2025\/07\/Dziedziniec-trawa-zamiast-kamieni-2048x1720.jpg 2048w\" sizes=\"auto, (max-width: 2500px) 100vw, 2500px\" \/><\/figure>\n\n\n\n<div style=\"height:10px\" aria-hidden=\"true\" class=\"wp-block-spacer wp-container-content-4daaf377\"><\/div>\n<\/div>\n\n\n\n<div class=\"wp-block-group alignwide is-vertical is-layout-flex wp-container-core-group-is-layout-fe9cc265 wp-block-group-is-layout-flex\">\n<p class=\"has-medium-font-size\">Ogrody otaczaj\u0105ce budynki dope\u0142niaj\u0105 pi\u0119knie okoliczn\u0105 natur\u0119 pozwalaj\u0105c cieszy\u0107 si\u0119 spokojem i blisko\u015bci\u0105 natury tu\u017c przy swoim domu.<\/p>\n\n\n\n<figure class=\"wp-block-image alignwide size-full\"><img loading=\"lazy\" decoding=\"async\" width=\"2500\" height=\"1768\" src=\"https:\/\/czapla2.pl\/wp-content\/uploads\/2025\/11\/Widoki-Istniejacego-budynku-update-lezaki-2.jpg\" alt=\"\" class=\"wp-image-214\" srcset=\"https:\/\/czapla2.pl\/wp-content\/uploads\/2025\/11\/Widoki-Istniejacego-budynku-update-lezaki-2.jpg 2500w, https:\/\/czapla2.pl\/wp-content\/uploads\/2025\/11\/Widoki-Istniejacego-budynku-update-lezaki-2-300x212.jpg 300w, https:\/\/czapla2.pl\/wp-content\/uploads\/2025\/11\/Widoki-Istniejacego-budynku-update-lezaki-2-1024x724.jpg 1024w, https:\/\/czapla2.pl\/wp-content\/uploads\/2025\/11\/Widoki-Istniejacego-budynku-update-lezaki-2-768x543.jpg 768w, https:\/\/czapla2.pl\/wp-content\/uploads\/2025\/11\/Widoki-Istniejacego-budynku-update-lezaki-2-1536x1086.jpg 1536w, https:\/\/czapla2.pl\/wp-content\/uploads\/2025\/11\/Widoki-Istniejacego-budynku-update-lezaki-2-2048x1448.jpg 2048w\" sizes=\"auto, (max-width: 2500px) 100vw, 2500px\" \/><\/figure>\n\n\n\n<div style=\"height:0px\" aria-hidden=\"true\" class=\"wp-block-spacer wp-container-content-4daaf377\"><\/div>\n<\/div>\n\n\n\n<div class=\"wp-block-group alignwide is-vertical is-layout-flex wp-container-core-group-is-layout-fe9cc265 wp-block-group-is-layout-flex\">\n<p class=\"has-medium-font-size\">Taras dachowy zapewnia przestrze\u0144 o kameralnym ale jednocze\u015bnie luksusowym charakterze z widokiem na szerok\u0105 panoram\u0119 rzeki.<\/p>\n\n\n\n<figure class=\"wp-block-image alignwide size-full\"><img loading=\"lazy\" decoding=\"async\" width=\"2560\" height=\"1440\" src=\"https:\/\/czapla2.pl\/wp-content\/uploads\/2025\/11\/Wizka-z-tarasu-TM-scaled.jpg\" alt=\"\" class=\"wp-image-215\" srcset=\"https:\/\/czapla2.pl\/wp-content\/uploads\/2025\/11\/Wizka-z-tarasu-TM-scaled.jpg 2560w, https:\/\/czapla2.pl\/wp-content\/uploads\/2025\/11\/Wizka-z-tarasu-TM-300x169.jpg 300w, https:\/\/czapla2.pl\/wp-content\/uploads\/2025\/11\/Wizka-z-tarasu-TM-1024x576.jpg 1024w, https:\/\/czapla2.pl\/wp-content\/uploads\/2025\/11\/Wizka-z-tarasu-TM-768x432.jpg 768w, https:\/\/czapla2.pl\/wp-content\/uploads\/2025\/11\/Wizka-z-tarasu-TM-1536x864.jpg 1536w, https:\/\/czapla2.pl\/wp-content\/uploads\/2025\/11\/Wizka-z-tarasu-TM-2048x1152.jpg 2048w\" sizes=\"auto, (max-width: 2560px) 100vw, 2560px\" \/><\/figure>\n\n\n\n<div style=\"height:0px\" aria-hidden=\"true\" class=\"wp-block-spacer wp-container-content-4daaf377\"><\/div>\n<\/div>\n\n\n\n<div class=\"wp-block-group alignwide is-vertical is-layout-flex wp-container-core-group-is-layout-fe9cc265 wp-block-group-is-layout-flex\">\n<p class=\"has-medium-font-size\">Balkony oferuj\u0105 prywatn\u0105 przestrze\u0144 do wypoczynku z widokiem na ziele\u0144 i malownicze nadwarcia\u0144skie tereny pozwalaj\u0105c na codzienne obcowanie z natur\u0105 bez wychodzenia z domu.<\/p>\n\n\n\n<figure class=\"wp-block-image alignwide size-full\"><img loading=\"lazy\" decoding=\"async\" width=\"2500\" height=\"2100\" src=\"https:\/\/czapla2.pl\/wp-content\/uploads\/2025\/11\/Widoki-balkonowe-01.jpg\" alt=\"\" class=\"wp-image-217\" srcset=\"https:\/\/czapla2.pl\/wp-content\/uploads\/2025\/11\/Widoki-balkonowe-01.jpg 2500w, https:\/\/czapla2.pl\/wp-content\/uploads\/2025\/11\/Widoki-balkonowe-01-300x252.jpg 300w, https:\/\/czapla2.pl\/wp-content\/uploads\/2025\/11\/Widoki-balkonowe-01-1024x860.jpg 1024w, https:\/\/czapla2.pl\/wp-content\/uploads\/2025\/11\/Widoki-balkonowe-01-768x645.jpg 768w, https:\/\/czapla2.pl\/wp-content\/uploads\/2025\/11\/Widoki-balkonowe-01-1536x1290.jpg 1536w, https:\/\/czapla2.pl\/wp-content\/uploads\/2025\/11\/Widoki-balkonowe-01-2048x1720.jpg 2048w\" sizes=\"auto, (max-width: 2500px) 100vw, 2500px\" \/><\/figure>\n\n\n\n<div style=\"height:0px\" aria-hidden=\"true\" class=\"wp-block-spacer wp-container-content-4daaf377\"><\/div>\n<\/div>\n\n\n\n<div class=\"wp-block-group alignwide is-vertical is-layout-flex wp-container-core-group-is-layout-fe9cc265 wp-block-group-is-layout-flex\">\n<p class=\"has-medium-font-size\">Harmonia tych element\u00f3w oferuje styl \u017cycia w kt\u00f3rym komfort nowoczesnego mieszkania naturalnie \u0142\u0105czy si\u0119 z urokiem nadwarcia\u0144skiego krajobrazu.<\/p>\n\n\n\n<figure class=\"wp-block-image alignwide size-full\"><img loading=\"lazy\" decoding=\"async\" width=\"2560\" height=\"1734\" src=\"https:\/\/czapla2.pl\/wp-content\/uploads\/2025\/07\/Widok-na-dziedziniec-parter-zjazd-garaz-scaled.jpg\" alt=\"\" class=\"wp-image-150\" srcset=\"https:\/\/czapla2.pl\/wp-content\/uploads\/2025\/07\/Widok-na-dziedziniec-parter-zjazd-garaz-scaled.jpg 2560w, https:\/\/czapla2.pl\/wp-content\/uploads\/2025\/07\/Widok-na-dziedziniec-parter-zjazd-garaz-300x203.jpg 300w, https:\/\/czapla2.pl\/wp-content\/uploads\/2025\/07\/Widok-na-dziedziniec-parter-zjazd-garaz-1024x694.jpg 1024w, https:\/\/czapla2.pl\/wp-content\/uploads\/2025\/07\/Widok-na-dziedziniec-parter-zjazd-garaz-768x520.jpg 768w, https:\/\/czapla2.pl\/wp-content\/uploads\/2025\/07\/Widok-na-dziedziniec-parter-zjazd-garaz-1536x1041.jpg 1536w, https:\/\/czapla2.pl\/wp-content\/uploads\/2025\/07\/Widok-na-dziedziniec-parter-zjazd-garaz-2048x1388.jpg 2048w\" sizes=\"auto, (max-width: 2560px) 100vw, 2560px\" \/><\/figure>\n\n\n\n<div style=\"height:0px\" aria-hidden=\"true\" class=\"wp-block-spacer wp-container-content-4daaf377\"><\/div>\n<\/div>\n\n\n\n<div class=\"wp-block-group alignwide is-vertical is-layout-flex wp-container-core-group-is-layout-fe9cc265 wp-block-group-is-layout-flex\">\n<p class=\"has-medium-font-size\">Dost\u0119pne s\u0105 r\u00f3\u017cnorodne apartamenty ulokowane zar\u00f3wno w klimatycznym historycznym budynku jak i w nowoczesnym budynku. Przestrzenie mieszkalne o metra\u017cach od 50 do 120 m\u00b2, oferowane w kilku uk\u0142adach, daj\u0105 mo\u017cliwo\u015b\u0107 stworzenia aran\u017cacji idealnie dopasowanej do indywidualnego stylu \u017cycia.<\/p>\n\n\n\n<figure class=\"wp-block-gallery alignwide has-nested-images columns-2 is-cropped wp-block-gallery-1 is-layout-flex wp-block-gallery-is-layout-flex\">\n<figure class=\"wp-block-image size-full\"><img loading=\"lazy\" decoding=\"async\" width=\"2560\" height=\"1440\" data-id=\"144\" src=\"https:\/\/czapla2.pl\/wp-content\/uploads\/2025\/07\/M09-Salon-LUX-v1-scaled.jpg\" alt=\"\" class=\"wp-image-144\" srcset=\"https:\/\/czapla2.pl\/wp-content\/uploads\/2025\/07\/M09-Salon-LUX-v1-scaled.jpg 2560w, https:\/\/czapla2.pl\/wp-content\/uploads\/2025\/07\/M09-Salon-LUX-v1-300x169.jpg 300w, https:\/\/czapla2.pl\/wp-content\/uploads\/2025\/07\/M09-Salon-LUX-v1-1024x576.jpg 1024w, https:\/\/czapla2.pl\/wp-content\/uploads\/2025\/07\/M09-Salon-LUX-v1-768x432.jpg 768w, https:\/\/czapla2.pl\/wp-content\/uploads\/2025\/07\/M09-Salon-LUX-v1-1536x864.jpg 1536w, https:\/\/czapla2.pl\/wp-content\/uploads\/2025\/07\/M09-Salon-LUX-v1-2048x1152.jpg 2048w\" sizes=\"auto, (max-width: 2560px) 100vw, 2560px\" \/><\/figure>\n\n\n\n<figure class=\"wp-block-image size-full\"><img loading=\"lazy\" decoding=\"async\" width=\"2560\" height=\"1440\" data-id=\"145\" src=\"https:\/\/czapla2.pl\/wp-content\/uploads\/2025\/07\/M09-Salon-LUX-v2-scaled.jpg\" alt=\"\" class=\"wp-image-145\" srcset=\"https:\/\/czapla2.pl\/wp-content\/uploads\/2025\/07\/M09-Salon-LUX-v2-scaled.jpg 2560w, https:\/\/czapla2.pl\/wp-content\/uploads\/2025\/07\/M09-Salon-LUX-v2-300x169.jpg 300w, https:\/\/czapla2.pl\/wp-content\/uploads\/2025\/07\/M09-Salon-LUX-v2-1024x576.jpg 1024w, https:\/\/czapla2.pl\/wp-content\/uploads\/2025\/07\/M09-Salon-LUX-v2-768x432.jpg 768w, https:\/\/czapla2.pl\/wp-content\/uploads\/2025\/07\/M09-Salon-LUX-v2-1536x864.jpg 1536w, https:\/\/czapla2.pl\/wp-content\/uploads\/2025\/07\/M09-Salon-LUX-v2-2048x1152.jpg 2048w\" sizes=\"auto, (max-width: 2560px) 100vw, 2560px\" \/><\/figure>\n\n\n\n<figure class=\"wp-block-image size-full\"><img loading=\"lazy\" decoding=\"async\" width=\"2560\" height=\"1440\" data-id=\"147\" src=\"https:\/\/czapla2.pl\/wp-content\/uploads\/2025\/07\/M09-Salon-LUX-v4-scaled.jpg\" alt=\"\" class=\"wp-image-147\" srcset=\"https:\/\/czapla2.pl\/wp-content\/uploads\/2025\/07\/M09-Salon-LUX-v4-scaled.jpg 2560w, https:\/\/czapla2.pl\/wp-content\/uploads\/2025\/07\/M09-Salon-LUX-v4-300x169.jpg 300w, https:\/\/czapla2.pl\/wp-content\/uploads\/2025\/07\/M09-Salon-LUX-v4-1024x576.jpg 1024w, https:\/\/czapla2.pl\/wp-content\/uploads\/2025\/07\/M09-Salon-LUX-v4-768x432.jpg 768w, https:\/\/czapla2.pl\/wp-content\/uploads\/2025\/07\/M09-Salon-LUX-v4-1536x864.jpg 1536w, https:\/\/czapla2.pl\/wp-content\/uploads\/2025\/07\/M09-Salon-LUX-v4-2048x1152.jpg 2048w\" sizes=\"auto, (max-width: 2560px) 100vw, 2560px\" \/><\/figure>\n<\/figure>\n\n\n\n<div style=\"height:0px\" aria-hidden=\"true\" class=\"wp-block-spacer wp-container-content-4daaf377\"><\/div>\n<\/div>\n\n\n\n<div class=\"wp-block-group alignwide is-vertical is-layout-flex wp-container-core-group-is-layout-fe9cc265 wp-block-group-is-layout-flex\">\n<p class=\"has-medium-font-size\">Pod projektowanym budynkiem zlokalizowany jest podziemny gara\u017c z miejscami postojowymi przypisanymi dla lokali mieszkalnych oraz kom\u00f3rkami lokatorskimi.<\/p>\n\n\n\n<figure class=\"wp-block-image alignwide size-full\"><img loading=\"lazy\" decoding=\"async\" width=\"2560\" height=\"1440\" src=\"https:\/\/czapla2.pl\/wp-content\/uploads\/2025\/11\/Garaz_Interior_01-scaled.jpg\" alt=\"\" class=\"wp-image-244\" srcset=\"https:\/\/czapla2.pl\/wp-content\/uploads\/2025\/11\/Garaz_Interior_01-scaled.jpg 2560w, https:\/\/czapla2.pl\/wp-content\/uploads\/2025\/11\/Garaz_Interior_01-300x169.jpg 300w, https:\/\/czapla2.pl\/wp-content\/uploads\/2025\/11\/Garaz_Interior_01-1024x576.jpg 1024w, https:\/\/czapla2.pl\/wp-content\/uploads\/2025\/11\/Garaz_Interior_01-768x432.jpg 768w, https:\/\/czapla2.pl\/wp-content\/uploads\/2025\/11\/Garaz_Interior_01-1536x864.jpg 1536w, https:\/\/czapla2.pl\/wp-content\/uploads\/2025\/11\/Garaz_Interior_01-2048x1152.jpg 2048w\" sizes=\"auto, (max-width: 2560px) 100vw, 2560px\" \/><\/figure>\n\n\n\n<div style=\"height:0px\" aria-hidden=\"true\" class=\"wp-block-spacer wp-container-content-4daaf377\"><\/div>\n<\/div>\n\n\n\n<div class=\"wp-block-group alignwide is-vertical is-layout-flex wp-container-core-group-is-layout-fe9cc265 wp-block-group-is-layout-flex\">\n<p class=\"has-medium-font-size\">Na terenie przewidziano stref\u0119 si\u0142owni i spa dedykowane dla mieszka\u0144c\u00f3w.<\/p>\n\n\n\n<figure class=\"wp-block-gallery alignwide has-nested-images columns-2 is-cropped wp-block-gallery-2 is-layout-flex wp-block-gallery-is-layout-flex\">\n<figure class=\"wp-block-image size-full\"><img loading=\"lazy\" decoding=\"async\" width=\"2560\" height=\"2289\" data-id=\"246\" src=\"https:\/\/czapla2.pl\/wp-content\/uploads\/2025\/11\/Energy-Box-02-scaled.jpg\" alt=\"\" class=\"wp-image-246\" srcset=\"https:\/\/czapla2.pl\/wp-content\/uploads\/2025\/11\/Energy-Box-02-scaled.jpg 2560w, https:\/\/czapla2.pl\/wp-content\/uploads\/2025\/11\/Energy-Box-02-300x268.jpg 300w, https:\/\/czapla2.pl\/wp-content\/uploads\/2025\/11\/Energy-Box-02-1024x915.jpg 1024w, https:\/\/czapla2.pl\/wp-content\/uploads\/2025\/11\/Energy-Box-02-768x687.jpg 768w, https:\/\/czapla2.pl\/wp-content\/uploads\/2025\/11\/Energy-Box-02-1536x1373.jpg 1536w, https:\/\/czapla2.pl\/wp-content\/uploads\/2025\/11\/Energy-Box-02-2048x1831.jpg 2048w\" sizes=\"auto, (max-width: 2560px) 100vw, 2560px\" \/><\/figure>\n\n\n\n<figure class=\"wp-block-image size-full\"><img loading=\"lazy\" decoding=\"async\" width=\"2560\" height=\"2560\" data-id=\"247\" src=\"https:\/\/czapla2.pl\/wp-content\/uploads\/2025\/11\/Sauna-Widok-01-scaled.jpg\" alt=\"\" class=\"wp-image-247\" srcset=\"https:\/\/czapla2.pl\/wp-content\/uploads\/2025\/11\/Sauna-Widok-01-scaled.jpg 2560w, https:\/\/czapla2.pl\/wp-content\/uploads\/2025\/11\/Sauna-Widok-01-300x300.jpg 300w, https:\/\/czapla2.pl\/wp-content\/uploads\/2025\/11\/Sauna-Widok-01-1024x1024.jpg 1024w, https:\/\/czapla2.pl\/wp-content\/uploads\/2025\/11\/Sauna-Widok-01-150x150.jpg 150w, https:\/\/czapla2.pl\/wp-content\/uploads\/2025\/11\/Sauna-Widok-01-768x768.jpg 768w, https:\/\/czapla2.pl\/wp-content\/uploads\/2025\/11\/Sauna-Widok-01-1536x1536.jpg 1536w, https:\/\/czapla2.pl\/wp-content\/uploads\/2025\/11\/Sauna-Widok-01-2048x2048.jpg 2048w\" sizes=\"auto, (max-width: 2560px) 100vw, 2560px\" \/><\/figure>\n<\/figure>\n\n\n\n<div style=\"height:0px\" aria-hidden=\"true\" class=\"wp-block-spacer wp-container-content-728072c3\"><\/div>\n<\/div>\n\n\n\n<div class=\"wp-block-group has-global-padding is-layout-constrained wp-block-group-is-layout-constrained\">\n<div style=\"height:50px\" aria-hidden=\"true\" class=\"wp-block-spacer\"><\/div>\n\n\n\n<p class=\"has-medium-font-size\">Autor projektu:<\/p>\n\n\n\n<figure class=\"wp-block-image alignright size-large is-resized\"><img loading=\"lazy\" decoding=\"async\" width=\"1024\" height=\"295\" src=\"https:\/\/czapla2.pl\/wp-content\/uploads\/2025\/07\/LOGO_ADS_przezroczyste-1024x295.png\" alt=\"\" class=\"wp-image-131\" style=\"width:241px;height:auto\" srcset=\"https:\/\/czapla2.pl\/wp-content\/uploads\/2025\/07\/LOGO_ADS_przezroczyste-1024x295.png 1024w, https:\/\/czapla2.pl\/wp-content\/uploads\/2025\/07\/LOGO_ADS_przezroczyste-300x86.png 300w, https:\/\/czapla2.pl\/wp-content\/uploads\/2025\/07\/LOGO_ADS_przezroczyste-768x221.png 768w, https:\/\/czapla2.pl\/wp-content\/uploads\/2025\/07\/LOGO_ADS_przezroczyste-1536x443.png 1536w, https:\/\/czapla2.pl\/wp-content\/uploads\/2025\/07\/LOGO_ADS_przezroczyste.png 1600w\" sizes=\"auto, (max-width: 1024px) 100vw, 1024px\" \/><\/figure>\n<\/div>\n\n\n\n<p><\/p>\n","protected":false},"excerpt":{"rendered":"<p>Czapla 2 \u0142\u0105czy histori\u0119 z wsp\u00f3\u0142czesno\u015bci\u0105 w wyj\u0105tkowy spos\u00f3b. W sk\u0142ad projektu wchodzi odrestaurowany historyczny budynek z przywr\u00f3conym charakterystycznym detalem szachulca oraz nowy budynek inspirowany modernizmem. Dwie wille po\u0142\u0105czone s\u0105 wsp\u00f3\u0142czesnym \u0142\u0105cznikiem zewn\u0119trznym i tworz\u0105 niepowtarzalny charakter inwestycji. Szczeg\u00f3lne znaczenie w tym projekcie ma rewitalizacja zabytkowego budynku o konstrukcji szachulcowej, kt\u00f3ry stanowi wa\u017cny element lokalnego [&hellip;]<\/p>\n","protected":false},"author":1,"featured_media":0,"parent":0,"menu_order":9,"comment_status":"closed","ping_status":"closed","template":"","meta":{"_acf_changed":false,"footnotes":""},"class_list":["post-29","page","type-page","status-publish","hentry"],"acf":[],"_links":{"self":[{"href":"https:\/\/czapla2.pl\/index.php?rest_route=\/wp\/v2\/pages\/29","targetHints":{"allow":["GET"]}}],"collection":[{"href":"https:\/\/czapla2.pl\/index.php?rest_route=\/wp\/v2\/pages"}],"about":[{"href":"https:\/\/czapla2.pl\/index.php?rest_route=\/wp\/v2\/types\/page"}],"author":[{"embeddable":true,"href":"https:\/\/czapla2.pl\/index.php?rest_route=\/wp\/v2\/users\/1"}],"replies":[{"embeddable":true,"href":"https:\/\/czapla2.pl\/index.php?rest_route=%2Fwp%2Fv2%2Fcomments&post=29"}],"version-history":[{"count":23,"href":"https:\/\/czapla2.pl\/index.php?rest_route=\/wp\/v2\/pages\/29\/revisions"}],"predecessor-version":[{"id":311,"href":"https:\/\/czapla2.pl\/index.php?rest_route=\/wp\/v2\/pages\/29\/revisions\/311"}],"wp:attachment":[{"href":"https:\/\/czapla2.pl\/index.php?rest_route=%2Fwp%2Fv2%2Fmedia&parent=29"}],"curies":[{"name":"wp","href":"https:\/\/api.w.org\/{rel}","templated":true}]}}