{"id":30,"date":"2025-07-24T07:35:56","date_gmt":"2025-07-24T07:35:56","guid":{"rendered":"https:\/\/czapla2.pl\/?page_id=30"},"modified":"2025-11-25T11:47:16","modified_gmt":"2025-11-25T11:47:16","slug":"lokalizacja","status":"publish","type":"page","link":"https:\/\/czapla2.pl\/?page_id=30","title":{"rendered":"LOKALIZACJA"},"content":{"rendered":"\n<div style=\"height:25px\" aria-hidden=\"true\" class=\"wp-block-spacer\"><\/div>\n\n\n\n<div class=\"wp-block-group alignfull has-global-padding is-content-justification-center is-layout-constrained wp-block-group-is-layout-constrained\">\n<div class=\"wp-block-group alignwide is-nowrap is-layout-flex wp-container-core-group-is-layout-6c531013 wp-block-group-is-layout-flex\">\n<p class=\"has-medium-font-size\">Niepowtarzalna i spokojna lokalizacja. Harmonia z natur\u0105. Subtelny urok i ponadczasowy charakter. Komfort i wysoka jako\u015b\u0107 \u017cycia. R\u00f3wnowaga i wygoda, Wyj\u0105tkowa i kameralna atmosfera.<\/p>\n<\/div>\n<\/div>\n\n\n\n<div class=\"wp-block-group has-global-padding is-layout-constrained wp-block-group-is-layout-constrained\">\n<div style=\"height:var(--wp--preset--spacing--80)\" aria-hidden=\"true\" class=\"wp-block-spacer\"><\/div>\n\n\n\n<pre class=\"wp-block-verse has-x-large-font-size\">2,5 km od centrum<\/pre>\n\n\n\n<div style=\"height:100px\" aria-hidden=\"true\" class=\"wp-block-spacer\"><\/div>\n\n\n\n<pre class=\"wp-block-verse has-x-large-font-size\">7 min rowerem<\/pre>\n\n\n\n<div style=\"height:var(--wp--preset--spacing--80)\" aria-hidden=\"true\" class=\"wp-block-spacer\"><\/div>\n<\/div>\n\n\n\n<div class=\"wp-block-media-text alignfull is-stacked-on-mobile\" style=\"border-style:none;border-width:0px;border-radius:0px;grid-template-columns:60% auto\"><figure class=\"wp-block-media-text__media\"><img loading=\"lazy\" decoding=\"async\" width=\"2000\" height=\"1414\" src=\"https:\/\/czapla2.pl\/wp-content\/uploads\/2025\/11\/5.png\" alt=\"\" class=\"wp-image-256 size-full\" srcset=\"https:\/\/czapla2.pl\/wp-content\/uploads\/2025\/11\/5.png 2000w, https:\/\/czapla2.pl\/wp-content\/uploads\/2025\/11\/5-300x212.png 300w, https:\/\/czapla2.pl\/wp-content\/uploads\/2025\/11\/5-1024x724.png 1024w, https:\/\/czapla2.pl\/wp-content\/uploads\/2025\/11\/5-768x543.png 768w, https:\/\/czapla2.pl\/wp-content\/uploads\/2025\/11\/5-1536x1086.png 1536w\" sizes=\"auto, (max-width: 2000px) 100vw, 2000px\" \/><\/figure><div class=\"wp-block-media-text__content\">\n<p class=\"has-medium-font-size\" style=\"margin-top:var(--wp--preset--spacing--30);margin-bottom:var(--wp--preset--spacing--30)\">Pozna\u0144 oferuje wysok\u0105 jako\u015b\u0107 \u017cycia oraz \u0142\u0105czy w wyj\u0105tkowy spos\u00f3b tradycj\u0119 z nowoczesno\u015bci\u0105. Dzi\u0119ki swojej skali i doskona\u0142ej komunikacji Pozna\u0144 jest miejscem wygodnym, intuicyjnym i bezpiecznym do \u017cycia. Oferuje wszystko co potrzebne, od bogatej oferty handlowej po rozbudowan\u0105 komunikacj\u0119 miejsk\u0105, jednocze\u015bnie pozwalaj\u0105c cieszy\u0107 si\u0119 spokojem i przestrzeni\u0105.<\/p>\n<\/div><\/div>\n\n\n\n<div class=\"wp-block-group has-global-padding is-layout-constrained wp-block-group-is-layout-constrained\">\n<div style=\"height:var(--wp--preset--spacing--80)\" aria-hidden=\"true\" class=\"wp-block-spacer\"><\/div>\n\n\n\n<pre class=\"wp-block-verse has-text-align-right has-x-large-font-size\">150 m od Warty<\/pre>\n\n\n\n<div style=\"height:100px\" aria-hidden=\"true\" class=\"wp-block-spacer\"><\/div>\n\n\n\n<pre class=\"wp-block-verse has-text-align-right has-x-large-font-size\">13 km Wartostrady<\/pre>\n\n\n\n<div style=\"height:var(--wp--preset--spacing--80)\" aria-hidden=\"true\" class=\"wp-block-spacer\"><\/div>\n<\/div>\n\n\n\n<div class=\"wp-block-media-text alignfull has-media-on-the-right is-stacked-on-mobile\" style=\"grid-template-columns:auto 60%\"><div class=\"wp-block-media-text__content\">\n<p class=\"has-text-align-right has-medium-font-size\" style=\"padding-top:var(--wp--preset--spacing--30);padding-bottom:var(--wp--preset--spacing--30)\">Czapla 2 jest po\u0142o\u017cona w wyj\u0105tkowej, niezwykle zielonej cz\u0119\u015bci pozna\u0144skich Winograd. Otaczaj\u0105ca natura gwarantuje kameraln\u0105 atmosfer\u0119 i spok\u00f3j. Blisko\u015b\u0107 Parku Szel\u0105gowskiego, Wartostrady i Cytadeli stwarza doskona\u0142e warunki do aktywnego wypoczynku oraz relaksu. Dobra komunikacja miejska pozwala na dojazd do centrum w zaledwie 15 minut.<\/p>\n<\/div><figure class=\"wp-block-media-text__media\"><img loading=\"lazy\" decoding=\"async\" width=\"2000\" height=\"1414\" src=\"https:\/\/czapla2.pl\/wp-content\/uploads\/2025\/11\/7.png\" alt=\"\" class=\"wp-image-257 size-full\" srcset=\"https:\/\/czapla2.pl\/wp-content\/uploads\/2025\/11\/7.png 2000w, https:\/\/czapla2.pl\/wp-content\/uploads\/2025\/11\/7-300x212.png 300w, https:\/\/czapla2.pl\/wp-content\/uploads\/2025\/11\/7-1024x724.png 1024w, https:\/\/czapla2.pl\/wp-content\/uploads\/2025\/11\/7-768x543.png 768w, https:\/\/czapla2.pl\/wp-content\/uploads\/2025\/11\/7-1536x1086.png 1536w\" sizes=\"auto, (max-width: 2000px) 100vw, 2000px\" \/><\/figure><\/div>\n\n\n\n<div class=\"wp-block-group has-global-padding is-layout-constrained wp-block-group-is-layout-constrained\">\n<div style=\"height:var(--wp--preset--spacing--60)\" aria-hidden=\"true\" class=\"wp-block-spacer\"><\/div>\n<\/div>\n\n\n\n<hr class=\"wp-block-separator has-text-color has-contrast-color has-alpha-channel-opacity has-contrast-background-color has-background is-style-wide is-style-wide--1\"\/>\n\n\n\n<div style=\"height:10px\" aria-hidden=\"true\" class=\"wp-block-spacer\"><\/div>\n\n\n\n<div class=\"wp-block-group alignfull has-global-padding is-content-justification-center is-layout-constrained wp-block-group-is-layout-constrained\">\n<div class=\"wp-block-group alignwide is-nowrap is-layout-flex wp-container-core-group-is-layout-6c531013 wp-block-group-is-layout-flex\">\n<p class=\"has-medium-font-size\">Tutaj wszystko masz w zasi\u0119gu r\u0119ki \u2014 od teren\u00f3w nadwarcia\u0144skich po szybkie po\u0142\u0105czenia z sercem Poznania. Odkryj wyj\u0105tkow\u0105 lokalizacj\u0119 naszej inwestycji na mapie poni\u017cej.<\/p>\n<\/div>\n<\/div>\n\n\n\n<div class=\"wp-block-group alignfull has-global-padding is-layout-constrained wp-block-group-is-layout-constrained\">\n<div class=\"wp-block-group alignwide is-vertical is-layout-flex wp-container-core-group-is-layout-fe9cc265 wp-block-group-is-layout-flex\">\n<div style=\"width: 100%; display: flex; justify-content: center;\">\n<iframe src=\"https:\/\/www.google.com\/maps\/embed?pb=!1m18!1m12!1m3!1d4000.957739985696!2d16.950761678158933!3d52.42685571422577!2m3!1f0!2f0!3f0!3m2!1i1024!2i768!4f13.1!3m3!1m2!1s0x47045b5ff1a0d157%3A0x346dbe24d4eb273!2sUgory%2095%2C%2061-623%20Pozna%C5%84!5e1!3m2!1spl!2spl!4v1763630137640!5m2!1spl!2spl\" width=\"800\" height=\"600\" style=\"border:0;\" allowfullscreen=\"\" loading=\"lazy\" referrerpolicy=\"no-referrer-when-downgrade\"><\/iframe>\n<\/div>\n<\/div>\n<\/div>\n\n\n\n<p><\/p>\n","protected":false},"excerpt":{"rendered":"<p>Niepowtarzalna i spokojna lokalizacja. Harmonia z natur\u0105. Subtelny urok i ponadczasowy charakter. Komfort i wysoka jako\u015b\u0107 \u017cycia. R\u00f3wnowaga i wygoda, Wyj\u0105tkowa i kameralna atmosfera. 2,5 km od centrum 7 min rowerem Pozna\u0144 oferuje wysok\u0105 jako\u015b\u0107 \u017cycia oraz \u0142\u0105czy w wyj\u0105tkowy spos\u00f3b tradycj\u0119 z nowoczesno\u015bci\u0105. Dzi\u0119ki swojej skali i doskona\u0142ej komunikacji Pozna\u0144 jest miejscem wygodnym, intuicyjnym [&hellip;]<\/p>\n","protected":false},"author":1,"featured_media":0,"parent":0,"menu_order":7,"comment_status":"closed","ping_status":"closed","template":"","meta":{"_acf_changed":false,"footnotes":""},"class_list":["post-30","page","type-page","status-publish","hentry"],"acf":[],"_links":{"self":[{"href":"https:\/\/czapla2.pl\/index.php?rest_route=\/wp\/v2\/pages\/30","targetHints":{"allow":["GET"]}}],"collection":[{"href":"https:\/\/czapla2.pl\/index.php?rest_route=\/wp\/v2\/pages"}],"about":[{"href":"https:\/\/czapla2.pl\/index.php?rest_route=\/wp\/v2\/types\/page"}],"author":[{"embeddable":true,"href":"https:\/\/czapla2.pl\/index.php?rest_route=\/wp\/v2\/users\/1"}],"replies":[{"embeddable":true,"href":"https:\/\/czapla2.pl\/index.php?rest_route=%2Fwp%2Fv2%2Fcomments&post=30"}],"version-history":[{"count":47,"href":"https:\/\/czapla2.pl\/index.php?rest_route=\/wp\/v2\/pages\/30\/revisions"}],"predecessor-version":[{"id":335,"href":"https:\/\/czapla2.pl\/index.php?rest_route=\/wp\/v2\/pages\/30\/revisions\/335"}],"wp:attachment":[{"href":"https:\/\/czapla2.pl\/index.php?rest_route=%2Fwp%2Fv2%2Fmedia&parent=30"}],"curies":[{"name":"wp","href":"https:\/\/api.w.org\/{rel}","templated":true}]}}