{"id":35,"date":"2025-07-24T07:51:43","date_gmt":"2025-07-24T07:51:43","guid":{"rendered":"https:\/\/czapla2.pl\/?page_id=35"},"modified":"2026-02-13T08:06:44","modified_gmt":"2026-02-13T08:06:44","slug":"kontakt","status":"publish","type":"page","link":"https:\/\/czapla2.pl\/?page_id=35","title":{"rendered":"KONTAKT"},"content":{"rendered":"\n<div class=\"wp-block-group alignfull has-global-padding is-layout-constrained wp-container-core-group-is-layout-08655630 wp-block-group-is-layout-constrained\" style=\"margin-top:0;margin-bottom:0;padding-top:var(--wp--preset--spacing--80);padding-bottom:var(--wp--preset--spacing--80)\">\n<div class=\"wp-block-group alignwide is-layout-flow wp-block-group-is-layout-flow\">\n<p class=\"has-text-align-center is-style-text-display is-style-text-display--1\" style=\"font-style:normal;font-weight:400\">Masz pytania? <br>Zapraszamy do kontaktu.<\/p>\n<\/div>\n<\/div>\n\n\n\n<div class=\"wpcf7 no-js\" id=\"wpcf7-f380-o1\" lang=\"pl-PL\" dir=\"ltr\" data-wpcf7-id=\"380\">\n<div class=\"screen-reader-response\"><p role=\"status\" aria-live=\"polite\" aria-atomic=\"true\"><\/p> <ul><\/ul><\/div>\n<form action=\"\/index.php?rest_route=%2Fwp%2Fv2%2Fpages%2F35#wpcf7-f380-o1\" method=\"post\" class=\"wpcf7-form init\" aria-label=\"Formularz kontaktowy\" novalidate=\"novalidate\" data-status=\"init\">\n<fieldset class=\"hidden-fields-container\"><input type=\"hidden\" name=\"_wpcf7\" value=\"380\" \/><input type=\"hidden\" name=\"_wpcf7_version\" value=\"6.1.5\" \/><input type=\"hidden\" name=\"_wpcf7_locale\" value=\"pl_PL\" \/><input type=\"hidden\" name=\"_wpcf7_unit_tag\" value=\"wpcf7-f380-o1\" \/><input type=\"hidden\" name=\"_wpcf7_container_post\" value=\"0\" \/><input type=\"hidden\" name=\"_wpcf7_posted_data_hash\" value=\"\" \/>\n<\/fieldset>\n<input class=\"wpcf7-form-control wpcf7-hidden\" value=\"\" type=\"hidden\" name=\"apartment-id\" \/>\n<input class=\"wpcf7-form-control wpcf7-hidden\" value=\"\" type=\"hidden\" name=\"apartment-title\" \/>\n<input class=\"wpcf7-form-control wpcf7-hidden\" value=\"\" type=\"hidden\" name=\"apartment-price\" \/>\n<input class=\"wpcf7-form-control wpcf7-hidden\" value=\"\" type=\"hidden\" name=\"apartment-area\" \/>\n<input class=\"wpcf7-form-control wpcf7-hidden\" value=\"\" type=\"hidden\" name=\"apartment-level\" \/>\n<input class=\"wpcf7-form-control wpcf7-hidden\" value=\"\" type=\"hidden\" name=\"apartment-rooms\" \/>\n<input class=\"wpcf7-form-control wpcf7-hidden\" value=\"\" type=\"hidden\" name=\"apartment-url\" \/>\n<input class=\"wpcf7-form-control wpcf7-hidden\" value=\"\" type=\"hidden\" name=\"apartment-select\" \/>\n<div class=\"contact-form-container\">\n\t<div class=\"__form-container-user-data-wrapper\">\n\t\t<div class=\"__form-container-input-field\">\n\t\t\t<p><label for=\"fc_name\">Imi\u0119 i nazwisko<\/label><br \/>\n<span class=\"wpcf7-form-control-wrap\" data-name=\"fc_name\"><input size=\"40\" maxlength=\"400\" class=\"wpcf7-form-control wpcf7-text wpcf7-validates-as-required\" id=\"fc_name\" aria-required=\"true\" aria-invalid=\"false\" placeholder=\"Imi\u0119 i nazwisko\" value=\"\" type=\"text\" name=\"fc_name\" \/><\/span>\n\t\t\t<\/p>\n\t\t<\/div>\n\t\t<div class=\"__form-container-input-field\">\n\t\t\t<p><label for=\"fc_email\">Email<\/label><br \/>\n<span class=\"wpcf7-form-control-wrap\" data-name=\"fc_email\"><input size=\"40\" maxlength=\"400\" class=\"wpcf7-form-control wpcf7-email wpcf7-validates-as-required wpcf7-text wpcf7-validates-as-email\" id=\"fc_email\" aria-required=\"true\" aria-invalid=\"false\" placeholder=\"Email\" value=\"\" type=\"email\" name=\"fc_email\" \/><\/span>\n\t\t\t<\/p>\n\t\t<\/div>\n\t\t<div class=\"__form-container-input-field\">\n\t\t\t<p><label for=\"fc_phone\">Telefon<\/label><br \/>\n<span class=\"wpcf7-form-control-wrap\" data-name=\"fc_phone\"><input size=\"40\" maxlength=\"400\" class=\"wpcf7-form-control wpcf7-tel wpcf7-validates-as-required wpcf7-text wpcf7-validates-as-tel\" id=\"fc_phone\" aria-required=\"true\" aria-invalid=\"false\" placeholder=\"Telefon\" value=\"\" type=\"tel\" name=\"fc_phone\" \/><\/span>\n\t\t\t<\/p>\n\t\t<\/div>\n\t<\/div>\n\t<div class=\"__form-container-message-wrapper\" id=\"selectApartmentContactForm\">\n\t<\/div>\n\t<div class=\"__form-container-message-wrapper\">\n\t\t<div class=\"__form-container-input-field -w100\">\n\t\t\t<p><label for=\"fc_message\">Wiadomo\u015b\u0107<\/label><br \/>\n<span class=\"wpcf7-form-control-wrap\" data-name=\"fc_message\"><textarea cols=\"40\" rows=\"10\" maxlength=\"2000\" class=\"wpcf7-form-control wpcf7-textarea\" id=\"fc_message\" aria-invalid=\"false\" name=\"fc_message\"><\/textarea><\/span>\n\t\t\t<\/p>\n\t\t<\/div>\n\t<\/div>\n\t<div class=\"__form-container-message-wrapper\">\n\t\t<div class=\"__form-container-checkbox-field\">\n\t\t\t<p><label class=\"__form-container-checkbox-label\"><br \/>\n<span class=\"wpcf7-form-control-wrap\" data-name=\"fc_agreement_1\"><span class=\"wpcf7-form-control wpcf7-checkbox wpcf7-validates-as-required\" id=\"fc_agreement_1\"><span class=\"wpcf7-list-item first last\"><input type=\"checkbox\" name=\"fc_agreement_1[]\" value=\"Wyra\u017cam zgod\u0119 na przetwarzanie danych osobowych w celu otrzymywania informacji handlowych\" \/><span class=\"wpcf7-list-item-label\">Wyra\u017cam zgod\u0119 na przetwarzanie danych osobowych w celu otrzymywania informacji handlowych<\/span><\/span><\/span><\/span><br \/>\n<span>Wyra\u017cam zgod\u0119 na przetwarzanie danych osobowych w celu otrzymywania informacji handlowych<\/span><br \/>\n<\/label>\n\t\t\t<\/p>\n\t\t<\/div>\n\t\t<div class=\"__form-container-checkbox-field\">\n\t\t\t<p><label class=\"__form-container-checkbox-label\"><br \/>\n<span class=\"wpcf7-form-control-wrap\" data-name=\"fc_agreement_2\"><span class=\"wpcf7-form-control wpcf7-checkbox wpcf7-validates-as-required\" id=\"fc_agreement_2\"><span class=\"wpcf7-list-item first last\"><input type=\"checkbox\" name=\"fc_agreement_2[]\" value=\"Wyra\u017cam zgod\u0119 na kontakt telefoniczny, SMS i e-mailowy w celu przedstawienia oferty.\" \/><span class=\"wpcf7-list-item-label\">Wyra\u017cam zgod\u0119 na kontakt telefoniczny, SMS i e-mailowy w celu przedstawienia oferty.<\/span><\/span><\/span><\/span><br \/>\n<span>Wyra\u017cam zgod\u0119 na kontakt telefoniczny, SMS i e-mailowy w celu przedstawienia oferty.<\/span><br \/>\n<\/label>\n\t\t\t<\/p>\n\t\t<\/div>\n\t<\/div>\n\t<div class=\"__form-container-submit-wrapper\">\n\t\t<p><input class=\"wpcf7-form-control wpcf7-submit has-spinner btn-outline -large\" type=\"submit\" value=\"Wy\u015blij wiadomo\u015b\u0107\" \/>\n\t\t<\/p>\n\t<\/div>\n<\/div><div class=\"wpcf7-response-output\" aria-hidden=\"true\"><\/div>\n<\/form>\n<\/div>\n\n","protected":false},"excerpt":{"rendered":"<p>Masz pytania? Zapraszamy do kontaktu.<\/p>\n","protected":false},"author":1,"featured_media":0,"parent":0,"menu_order":6,"comment_status":"closed","ping_status":"closed","template":"","meta":{"_acf_changed":false,"footnotes":""},"class_list":["post-35","page","type-page","status-publish","hentry"],"acf":[],"_links":{"self":[{"href":"https:\/\/czapla2.pl\/index.php?rest_route=\/wp\/v2\/pages\/35","targetHints":{"allow":["GET"]}}],"collection":[{"href":"https:\/\/czapla2.pl\/index.php?rest_route=\/wp\/v2\/pages"}],"about":[{"href":"https:\/\/czapla2.pl\/index.php?rest_route=\/wp\/v2\/types\/page"}],"author":[{"embeddable":true,"href":"https:\/\/czapla2.pl\/index.php?rest_route=\/wp\/v2\/users\/1"}],"replies":[{"embeddable":true,"href":"https:\/\/czapla2.pl\/index.php?rest_route=%2Fwp%2Fv2%2Fcomments&post=35"}],"version-history":[{"count":10,"href":"https:\/\/czapla2.pl\/index.php?rest_route=\/wp\/v2\/pages\/35\/revisions"}],"predecessor-version":[{"id":542,"href":"https:\/\/czapla2.pl\/index.php?rest_route=\/wp\/v2\/pages\/35\/revisions\/542"}],"wp:attachment":[{"href":"https:\/\/czapla2.pl\/index.php?rest_route=%2Fwp%2Fv2%2Fmedia&parent=35"}],"curies":[{"name":"wp","href":"https:\/\/api.w.org\/{rel}","templated":true}]}}