{"id":8,"date":"2025-07-24T07:13:35","date_gmt":"2025-07-24T07:13:35","guid":{"rendered":"https:\/\/czapla2.pl\/?page_id=8"},"modified":"2026-03-27T11:28:16","modified_gmt":"2026-03-27T11:28:16","slug":"jednostki-mieszkalne","status":"publish","type":"page","link":"https:\/\/czapla2.pl\/?page_id=8","title":{"rendered":"JEDNOSTKI MIESZKALNE"},"content":{"rendered":"\n<div style=\"height:25px\" aria-hidden=\"true\" class=\"wp-block-spacer\"><\/div>\n\n\n\n<div class=\"wp-block-group alignwide is-vertical is-layout-flex wp-container-core-group-is-layout-fe9cc265 wp-block-group-is-layout-flex\">\n<p class=\"has-medium-font-size\">Inwestycja oferuje przysz\u0142ym mieszka\u0144com zr\u00f3\u017cnicowane typy apartament\u00f3w zlokalizowane w zabytkowym budynku oraz w nowoprojektowanym obiekcie. Mieszkania o metra\u017cach od 50 m<sup>2<\/sup> do 120 m<sup>2<\/sup> z kilkoma propozycjami uk\u0142ad\u00f3w pozwalaj\u0105 dostosowa\u0107 przestrze\u0144 pod swoje indywidualne potrzeby. Mieszkania zlokalizowane na parterze maj\u0105 dost\u0119p do prywatnych ogrod\u00f3w o powierzchni do 400 m<sup>2<\/sup> natomiast lokale na wy\u017cszych kondygnacjach do balkon\u00f3w i taras\u00f3w o powierzchni do 150 m<sup>2<\/sup>.<\/p>\n\n\n<\/div>\n\n\n\n<figure class=\"wp-block-image alignwide size-large\"><img loading=\"lazy\" decoding=\"async\" width=\"1024\" height=\"576\" src=\"https:\/\/czapla2.pl\/wp-content\/uploads\/2025\/07\/M09-Salon-LUX-v4-1024x576.jpg\" alt=\"\" class=\"wp-image-147\" srcset=\"https:\/\/czapla2.pl\/wp-content\/uploads\/2025\/07\/M09-Salon-LUX-v4-1024x576.jpg 1024w, https:\/\/czapla2.pl\/wp-content\/uploads\/2025\/07\/M09-Salon-LUX-v4-300x169.jpg 300w, https:\/\/czapla2.pl\/wp-content\/uploads\/2025\/07\/M09-Salon-LUX-v4-768x432.jpg 768w, https:\/\/czapla2.pl\/wp-content\/uploads\/2025\/07\/M09-Salon-LUX-v4-1536x864.jpg 1536w, https:\/\/czapla2.pl\/wp-content\/uploads\/2025\/07\/M09-Salon-LUX-v4-2048x1152.jpg 2048w\" sizes=\"auto, (max-width: 1024px) 100vw, 1024px\" \/><\/figure>\n\n\n\n<figure class=\"wp-block-image alignwide size-large\"><img loading=\"lazy\" decoding=\"async\" width=\"1024\" height=\"576\" src=\"https:\/\/czapla2.pl\/wp-content\/uploads\/2025\/07\/M09-Salon-LUX-v2-1024x576.jpg\" alt=\"\" class=\"wp-image-145\" srcset=\"https:\/\/czapla2.pl\/wp-content\/uploads\/2025\/07\/M09-Salon-LUX-v2-1024x576.jpg 1024w, https:\/\/czapla2.pl\/wp-content\/uploads\/2025\/07\/M09-Salon-LUX-v2-300x169.jpg 300w, https:\/\/czapla2.pl\/wp-content\/uploads\/2025\/07\/M09-Salon-LUX-v2-768x432.jpg 768w, https:\/\/czapla2.pl\/wp-content\/uploads\/2025\/07\/M09-Salon-LUX-v2-1536x864.jpg 1536w, https:\/\/czapla2.pl\/wp-content\/uploads\/2025\/07\/M09-Salon-LUX-v2-2048x1152.jpg 2048w\" sizes=\"auto, (max-width: 1024px) 100vw, 1024px\" \/><\/figure>\n\n\n\n<figure class=\"wp-block-image alignwide size-large\"><img loading=\"lazy\" decoding=\"async\" width=\"1024\" height=\"576\" src=\"https:\/\/czapla2.pl\/wp-content\/uploads\/2025\/07\/M09-Salon-LUX-v1-1024x576.jpg\" alt=\"\" class=\"wp-image-144\" srcset=\"https:\/\/czapla2.pl\/wp-content\/uploads\/2025\/07\/M09-Salon-LUX-v1-1024x576.jpg 1024w, https:\/\/czapla2.pl\/wp-content\/uploads\/2025\/07\/M09-Salon-LUX-v1-300x169.jpg 300w, https:\/\/czapla2.pl\/wp-content\/uploads\/2025\/07\/M09-Salon-LUX-v1-768x432.jpg 768w, https:\/\/czapla2.pl\/wp-content\/uploads\/2025\/07\/M09-Salon-LUX-v1-1536x864.jpg 1536w, https:\/\/czapla2.pl\/wp-content\/uploads\/2025\/07\/M09-Salon-LUX-v1-2048x1152.jpg 2048w\" sizes=\"auto, (max-width: 1024px) 100vw, 1024px\" \/><\/figure>\n\n\n\n<figure class=\"wp-block-image alignwide size-large\"><img loading=\"lazy\" decoding=\"async\" width=\"1024\" height=\"1024\" src=\"https:\/\/czapla2.pl\/wp-content\/uploads\/2025\/07\/Widoki-Zoom-03-1024x1024.jpg\" alt=\"\" class=\"wp-image-151\" srcset=\"https:\/\/czapla2.pl\/wp-content\/uploads\/2025\/07\/Widoki-Zoom-03-1024x1024.jpg 1024w, https:\/\/czapla2.pl\/wp-content\/uploads\/2025\/07\/Widoki-Zoom-03-300x300.jpg 300w, https:\/\/czapla2.pl\/wp-content\/uploads\/2025\/07\/Widoki-Zoom-03-150x150.jpg 150w, https:\/\/czapla2.pl\/wp-content\/uploads\/2025\/07\/Widoki-Zoom-03-768x768.jpg 768w, https:\/\/czapla2.pl\/wp-content\/uploads\/2025\/07\/Widoki-Zoom-03-1536x1536.jpg 1536w, https:\/\/czapla2.pl\/wp-content\/uploads\/2025\/07\/Widoki-Zoom-03-2048x2048.jpg 2048w\" sizes=\"auto, (max-width: 1024px) 100vw, 1024px\" \/><\/figure>\n\n\n\n<div style=\"height:50px\" aria-hidden=\"true\" class=\"wp-block-spacer\"><\/div>\n\n\n\n<div class=\"wp-block-group alignwide is-vertical is-layout-flex wp-container-core-group-is-layout-fe9cc265 wp-block-group-is-layout-flex\">\n<p>Karty lokali<\/p>\n\n\n\n<figure class=\"wp-block-gallery alignwide has-nested-images columns-2 is-cropped wp-block-gallery-1 is-layout-flex wp-block-gallery-is-layout-flex\">\n<figure class=\"wp-block-image size-large\"><img loading=\"lazy\" decoding=\"async\" width=\"1024\" height=\"724\" data-id=\"547\" src=\"https:\/\/czapla2.pl\/wp-content\/uploads\/2026\/03\/1-1024x724.jpg\" alt=\"\" class=\"wp-image-547\" srcset=\"https:\/\/czapla2.pl\/wp-content\/uploads\/2026\/03\/1-1024x724.jpg 1024w, https:\/\/czapla2.pl\/wp-content\/uploads\/2026\/03\/1-300x212.jpg 300w, https:\/\/czapla2.pl\/wp-content\/uploads\/2026\/03\/1-768x543.jpg 768w, https:\/\/czapla2.pl\/wp-content\/uploads\/2026\/03\/1-1536x1086.jpg 1536w, https:\/\/czapla2.pl\/wp-content\/uploads\/2026\/03\/1.jpg 2000w\" sizes=\"auto, (max-width: 1024px) 100vw, 1024px\" \/><figcaption class=\"wp-element-caption\">M1<\/figcaption><\/figure>\n\n\n\n<figure class=\"wp-block-image size-large\"><img loading=\"lazy\" decoding=\"async\" width=\"1024\" height=\"724\" data-id=\"548\" src=\"https:\/\/czapla2.pl\/wp-content\/uploads\/2026\/03\/2-1024x724.jpg\" alt=\"\" class=\"wp-image-548\" srcset=\"https:\/\/czapla2.pl\/wp-content\/uploads\/2026\/03\/2-1024x724.jpg 1024w, https:\/\/czapla2.pl\/wp-content\/uploads\/2026\/03\/2-300x212.jpg 300w, https:\/\/czapla2.pl\/wp-content\/uploads\/2026\/03\/2-768x543.jpg 768w, https:\/\/czapla2.pl\/wp-content\/uploads\/2026\/03\/2-1536x1086.jpg 1536w, https:\/\/czapla2.pl\/wp-content\/uploads\/2026\/03\/2.jpg 2000w\" sizes=\"auto, (max-width: 1024px) 100vw, 1024px\" \/><figcaption class=\"wp-element-caption\">M2<\/figcaption><\/figure>\n\n\n\n<figure class=\"wp-block-image size-large\"><img loading=\"lazy\" decoding=\"async\" width=\"1024\" height=\"724\" data-id=\"549\" src=\"https:\/\/czapla2.pl\/wp-content\/uploads\/2026\/03\/3A-1024x724.jpg\" alt=\"\" class=\"wp-image-549\" srcset=\"https:\/\/czapla2.pl\/wp-content\/uploads\/2026\/03\/3A-1024x724.jpg 1024w, https:\/\/czapla2.pl\/wp-content\/uploads\/2026\/03\/3A-300x212.jpg 300w, https:\/\/czapla2.pl\/wp-content\/uploads\/2026\/03\/3A-768x543.jpg 768w, https:\/\/czapla2.pl\/wp-content\/uploads\/2026\/03\/3A-1536x1086.jpg 1536w, https:\/\/czapla2.pl\/wp-content\/uploads\/2026\/03\/3A.jpg 2000w\" sizes=\"auto, (max-width: 1024px) 100vw, 1024px\" \/><figcaption class=\"wp-element-caption\">M3A<\/figcaption><\/figure>\n\n\n\n<figure class=\"wp-block-image size-large\"><img loading=\"lazy\" decoding=\"async\" width=\"1024\" height=\"724\" data-id=\"550\" src=\"https:\/\/czapla2.pl\/wp-content\/uploads\/2026\/03\/3B-1024x724.jpg\" alt=\"\" class=\"wp-image-550\" srcset=\"https:\/\/czapla2.pl\/wp-content\/uploads\/2026\/03\/3B-1024x724.jpg 1024w, https:\/\/czapla2.pl\/wp-content\/uploads\/2026\/03\/3B-300x212.jpg 300w, https:\/\/czapla2.pl\/wp-content\/uploads\/2026\/03\/3B-768x543.jpg 768w, https:\/\/czapla2.pl\/wp-content\/uploads\/2026\/03\/3B-1536x1086.jpg 1536w, https:\/\/czapla2.pl\/wp-content\/uploads\/2026\/03\/3B.jpg 2000w\" sizes=\"auto, (max-width: 1024px) 100vw, 1024px\" \/><figcaption class=\"wp-element-caption\">M3B<\/figcaption><\/figure>\n\n\n\n<figure class=\"wp-block-image size-large\"><img loading=\"lazy\" decoding=\"async\" width=\"2000\" height=\"1414\" data-id=\"551\" src=\"https:\/\/czapla2.pl\/wp-content\/uploads\/2026\/03\/4-1024x724.jpg\" alt=\"\" class=\"wp-image-551\" srcset=\"https:\/\/czapla2.pl\/wp-content\/uploads\/2026\/03\/4-1024x724.jpg 1024w, https:\/\/czapla2.pl\/wp-content\/uploads\/2026\/03\/4-300x212.jpg 300w, https:\/\/czapla2.pl\/wp-content\/uploads\/2026\/03\/4-768x543.jpg 768w, https:\/\/czapla2.pl\/wp-content\/uploads\/2026\/03\/4-1536x1086.jpg 1536w, https:\/\/czapla2.pl\/wp-content\/uploads\/2026\/03\/4.jpg 2000w\" sizes=\"auto, (max-width: 2000px) 100vw, 2000px\" \/><figcaption class=\"wp-element-caption\">M4<\/figcaption><\/figure>\n\n\n\n<figure class=\"wp-block-image size-large\"><img loading=\"lazy\" decoding=\"async\" width=\"1024\" height=\"724\" data-id=\"552\" src=\"https:\/\/czapla2.pl\/wp-content\/uploads\/2026\/03\/5A-1024x724.jpg\" alt=\"\" class=\"wp-image-552\" srcset=\"https:\/\/czapla2.pl\/wp-content\/uploads\/2026\/03\/5A-1024x724.jpg 1024w, https:\/\/czapla2.pl\/wp-content\/uploads\/2026\/03\/5A-300x212.jpg 300w, https:\/\/czapla2.pl\/wp-content\/uploads\/2026\/03\/5A-768x543.jpg 768w, https:\/\/czapla2.pl\/wp-content\/uploads\/2026\/03\/5A-1536x1086.jpg 1536w, https:\/\/czapla2.pl\/wp-content\/uploads\/2026\/03\/5A.jpg 2000w\" sizes=\"auto, (max-width: 1024px) 100vw, 1024px\" \/><figcaption class=\"wp-element-caption\">M5A<\/figcaption><\/figure>\n\n\n\n<figure class=\"wp-block-image size-large\"><img loading=\"lazy\" decoding=\"async\" width=\"1024\" height=\"724\" data-id=\"553\" src=\"https:\/\/czapla2.pl\/wp-content\/uploads\/2026\/03\/5B-1024x724.jpg\" alt=\"\" class=\"wp-image-553\" srcset=\"https:\/\/czapla2.pl\/wp-content\/uploads\/2026\/03\/5B-1024x724.jpg 1024w, https:\/\/czapla2.pl\/wp-content\/uploads\/2026\/03\/5B-300x212.jpg 300w, https:\/\/czapla2.pl\/wp-content\/uploads\/2026\/03\/5B-768x543.jpg 768w, https:\/\/czapla2.pl\/wp-content\/uploads\/2026\/03\/5B-1536x1086.jpg 1536w, https:\/\/czapla2.pl\/wp-content\/uploads\/2026\/03\/5B.jpg 2000w\" sizes=\"auto, (max-width: 1024px) 100vw, 1024px\" \/><figcaption class=\"wp-element-caption\">M5B<\/figcaption><\/figure>\n\n\n\n<figure class=\"wp-block-image size-large\"><img loading=\"lazy\" decoding=\"async\" width=\"1024\" height=\"724\" data-id=\"554\" src=\"https:\/\/czapla2.pl\/wp-content\/uploads\/2026\/03\/6A-1024x724.jpg\" alt=\"\" class=\"wp-image-554\" srcset=\"https:\/\/czapla2.pl\/wp-content\/uploads\/2026\/03\/6A-1024x724.jpg 1024w, https:\/\/czapla2.pl\/wp-content\/uploads\/2026\/03\/6A-300x212.jpg 300w, https:\/\/czapla2.pl\/wp-content\/uploads\/2026\/03\/6A-768x543.jpg 768w, https:\/\/czapla2.pl\/wp-content\/uploads\/2026\/03\/6A-1536x1086.jpg 1536w, https:\/\/czapla2.pl\/wp-content\/uploads\/2026\/03\/6A.jpg 2000w\" sizes=\"auto, (max-width: 1024px) 100vw, 1024px\" \/><figcaption class=\"wp-element-caption\">M6A<\/figcaption><\/figure>\n\n\n\n<figure class=\"wp-block-image size-large\"><img loading=\"lazy\" decoding=\"async\" width=\"1024\" height=\"724\" data-id=\"555\" src=\"https:\/\/czapla2.pl\/wp-content\/uploads\/2026\/03\/6B-1024x724.jpg\" alt=\"\" class=\"wp-image-555\" srcset=\"https:\/\/czapla2.pl\/wp-content\/uploads\/2026\/03\/6B-1024x724.jpg 1024w, https:\/\/czapla2.pl\/wp-content\/uploads\/2026\/03\/6B-300x212.jpg 300w, https:\/\/czapla2.pl\/wp-content\/uploads\/2026\/03\/6B-768x543.jpg 768w, https:\/\/czapla2.pl\/wp-content\/uploads\/2026\/03\/6B-1536x1086.jpg 1536w, https:\/\/czapla2.pl\/wp-content\/uploads\/2026\/03\/6B.jpg 2000w\" sizes=\"auto, (max-width: 1024px) 100vw, 1024px\" \/><figcaption class=\"wp-element-caption\">M6B<\/figcaption><\/figure>\n\n\n\n<figure class=\"wp-block-image size-large\"><img loading=\"lazy\" decoding=\"async\" width=\"1024\" height=\"724\" data-id=\"556\" src=\"https:\/\/czapla2.pl\/wp-content\/uploads\/2026\/03\/6C-1024x724.jpg\" alt=\"\" class=\"wp-image-556\" srcset=\"https:\/\/czapla2.pl\/wp-content\/uploads\/2026\/03\/6C-1024x724.jpg 1024w, https:\/\/czapla2.pl\/wp-content\/uploads\/2026\/03\/6C-300x212.jpg 300w, https:\/\/czapla2.pl\/wp-content\/uploads\/2026\/03\/6C-768x543.jpg 768w, https:\/\/czapla2.pl\/wp-content\/uploads\/2026\/03\/6C-1536x1086.jpg 1536w, https:\/\/czapla2.pl\/wp-content\/uploads\/2026\/03\/6C.jpg 2000w\" sizes=\"auto, (max-width: 1024px) 100vw, 1024px\" \/><figcaption class=\"wp-element-caption\">M6C<\/figcaption><\/figure>\n\n\n\n<figure class=\"wp-block-image size-large\"><img loading=\"lazy\" decoding=\"async\" width=\"1024\" height=\"724\" data-id=\"557\" src=\"https:\/\/czapla2.pl\/wp-content\/uploads\/2026\/03\/6D-1024x724.jpg\" alt=\"\" class=\"wp-image-557\" srcset=\"https:\/\/czapla2.pl\/wp-content\/uploads\/2026\/03\/6D-1024x724.jpg 1024w, https:\/\/czapla2.pl\/wp-content\/uploads\/2026\/03\/6D-300x212.jpg 300w, https:\/\/czapla2.pl\/wp-content\/uploads\/2026\/03\/6D-768x543.jpg 768w, https:\/\/czapla2.pl\/wp-content\/uploads\/2026\/03\/6D-1536x1086.jpg 1536w, https:\/\/czapla2.pl\/wp-content\/uploads\/2026\/03\/6D.jpg 2000w\" sizes=\"auto, (max-width: 1024px) 100vw, 1024px\" \/><figcaption class=\"wp-element-caption\">M6D<\/figcaption><\/figure>\n\n\n\n<figure class=\"wp-block-image size-large\"><img loading=\"lazy\" decoding=\"async\" width=\"1024\" height=\"724\" data-id=\"558\" src=\"https:\/\/czapla2.pl\/wp-content\/uploads\/2026\/03\/7A-1024x724.jpg\" alt=\"\" class=\"wp-image-558\" srcset=\"https:\/\/czapla2.pl\/wp-content\/uploads\/2026\/03\/7A-1024x724.jpg 1024w, https:\/\/czapla2.pl\/wp-content\/uploads\/2026\/03\/7A-300x212.jpg 300w, https:\/\/czapla2.pl\/wp-content\/uploads\/2026\/03\/7A-768x543.jpg 768w, https:\/\/czapla2.pl\/wp-content\/uploads\/2026\/03\/7A-1536x1086.jpg 1536w, https:\/\/czapla2.pl\/wp-content\/uploads\/2026\/03\/7A.jpg 2000w\" sizes=\"auto, (max-width: 1024px) 100vw, 1024px\" \/><figcaption class=\"wp-element-caption\">M7A<\/figcaption><\/figure>\n\n\n\n<figure class=\"wp-block-image size-large\"><img loading=\"lazy\" decoding=\"async\" width=\"1024\" height=\"724\" data-id=\"559\" src=\"https:\/\/czapla2.pl\/wp-content\/uploads\/2026\/03\/7B-1024x724.jpg\" alt=\"\" class=\"wp-image-559\" srcset=\"https:\/\/czapla2.pl\/wp-content\/uploads\/2026\/03\/7B-1024x724.jpg 1024w, https:\/\/czapla2.pl\/wp-content\/uploads\/2026\/03\/7B-300x212.jpg 300w, https:\/\/czapla2.pl\/wp-content\/uploads\/2026\/03\/7B-768x543.jpg 768w, https:\/\/czapla2.pl\/wp-content\/uploads\/2026\/03\/7B-1536x1086.jpg 1536w, https:\/\/czapla2.pl\/wp-content\/uploads\/2026\/03\/7B.jpg 2000w\" sizes=\"auto, (max-width: 1024px) 100vw, 1024px\" \/><figcaption class=\"wp-element-caption\">M7B<\/figcaption><\/figure>\n\n\n\n<figure class=\"wp-block-image size-large\"><img loading=\"lazy\" decoding=\"async\" width=\"1024\" height=\"724\" data-id=\"560\" src=\"https:\/\/czapla2.pl\/wp-content\/uploads\/2026\/03\/7C-1024x724.jpg\" alt=\"\" class=\"wp-image-560\" srcset=\"https:\/\/czapla2.pl\/wp-content\/uploads\/2026\/03\/7C-1024x724.jpg 1024w, https:\/\/czapla2.pl\/wp-content\/uploads\/2026\/03\/7C-300x212.jpg 300w, https:\/\/czapla2.pl\/wp-content\/uploads\/2026\/03\/7C-768x543.jpg 768w, https:\/\/czapla2.pl\/wp-content\/uploads\/2026\/03\/7C-1536x1086.jpg 1536w, https:\/\/czapla2.pl\/wp-content\/uploads\/2026\/03\/7C.jpg 2000w\" sizes=\"auto, (max-width: 1024px) 100vw, 1024px\" \/><figcaption class=\"wp-element-caption\">M7C<\/figcaption><\/figure>\n\n\n\n<figure class=\"wp-block-image size-large\"><img loading=\"lazy\" decoding=\"async\" width=\"1024\" height=\"724\" data-id=\"561\" src=\"https:\/\/czapla2.pl\/wp-content\/uploads\/2026\/03\/7D-1024x724.jpg\" alt=\"\" class=\"wp-image-561\" srcset=\"https:\/\/czapla2.pl\/wp-content\/uploads\/2026\/03\/7D-1024x724.jpg 1024w, https:\/\/czapla2.pl\/wp-content\/uploads\/2026\/03\/7D-300x212.jpg 300w, https:\/\/czapla2.pl\/wp-content\/uploads\/2026\/03\/7D-768x543.jpg 768w, https:\/\/czapla2.pl\/wp-content\/uploads\/2026\/03\/7D-1536x1086.jpg 1536w, https:\/\/czapla2.pl\/wp-content\/uploads\/2026\/03\/7D.jpg 2000w\" sizes=\"auto, (max-width: 1024px) 100vw, 1024px\" \/><figcaption class=\"wp-element-caption\">M7D<\/figcaption><\/figure>\n\n\n\n<figure class=\"wp-block-image size-large\"><img loading=\"lazy\" decoding=\"async\" width=\"1024\" height=\"724\" data-id=\"562\" src=\"https:\/\/czapla2.pl\/wp-content\/uploads\/2026\/03\/M01A-1024x724.jpg\" alt=\"\" class=\"wp-image-562\" srcset=\"https:\/\/czapla2.pl\/wp-content\/uploads\/2026\/03\/M01A-1024x724.jpg 1024w, https:\/\/czapla2.pl\/wp-content\/uploads\/2026\/03\/M01A-300x212.jpg 300w, https:\/\/czapla2.pl\/wp-content\/uploads\/2026\/03\/M01A-768x543.jpg 768w, https:\/\/czapla2.pl\/wp-content\/uploads\/2026\/03\/M01A-1536x1086.jpg 1536w, https:\/\/czapla2.pl\/wp-content\/uploads\/2026\/03\/M01A.jpg 2000w\" sizes=\"auto, (max-width: 1024px) 100vw, 1024px\" \/><figcaption class=\"wp-element-caption\">M01A<\/figcaption><\/figure>\n\n\n\n<figure class=\"wp-block-image size-large\"><img loading=\"lazy\" decoding=\"async\" width=\"1024\" height=\"724\" data-id=\"563\" src=\"https:\/\/czapla2.pl\/wp-content\/uploads\/2026\/03\/M01B-1024x724.jpg\" alt=\"\" class=\"wp-image-563\" srcset=\"https:\/\/czapla2.pl\/wp-content\/uploads\/2026\/03\/M01B-1024x724.jpg 1024w, https:\/\/czapla2.pl\/wp-content\/uploads\/2026\/03\/M01B-300x212.jpg 300w, https:\/\/czapla2.pl\/wp-content\/uploads\/2026\/03\/M01B-768x543.jpg 768w, https:\/\/czapla2.pl\/wp-content\/uploads\/2026\/03\/M01B-1536x1086.jpg 1536w, https:\/\/czapla2.pl\/wp-content\/uploads\/2026\/03\/M01B.jpg 2000w\" sizes=\"auto, (max-width: 1024px) 100vw, 1024px\" \/><figcaption class=\"wp-element-caption\">M01B<\/figcaption><\/figure>\n\n\n\n<figure class=\"wp-block-image size-large\"><img loading=\"lazy\" decoding=\"async\" width=\"1024\" height=\"724\" data-id=\"564\" src=\"https:\/\/czapla2.pl\/wp-content\/uploads\/2026\/03\/M01C-1024x724.jpg\" alt=\"\" class=\"wp-image-564\" srcset=\"https:\/\/czapla2.pl\/wp-content\/uploads\/2026\/03\/M01C-1024x724.jpg 1024w, https:\/\/czapla2.pl\/wp-content\/uploads\/2026\/03\/M01C-300x212.jpg 300w, https:\/\/czapla2.pl\/wp-content\/uploads\/2026\/03\/M01C-768x543.jpg 768w, https:\/\/czapla2.pl\/wp-content\/uploads\/2026\/03\/M01C-1536x1086.jpg 1536w, https:\/\/czapla2.pl\/wp-content\/uploads\/2026\/03\/M01C.jpg 2000w\" sizes=\"auto, (max-width: 1024px) 100vw, 1024px\" \/><figcaption class=\"wp-element-caption\">M01C<\/figcaption><\/figure>\n\n\n\n<figure class=\"wp-block-image size-large\"><img loading=\"lazy\" decoding=\"async\" width=\"1024\" height=\"724\" data-id=\"565\" src=\"https:\/\/czapla2.pl\/wp-content\/uploads\/2026\/03\/M02A-1024x724.jpg\" alt=\"\" class=\"wp-image-565\" srcset=\"https:\/\/czapla2.pl\/wp-content\/uploads\/2026\/03\/M02A-1024x724.jpg 1024w, https:\/\/czapla2.pl\/wp-content\/uploads\/2026\/03\/M02A-300x212.jpg 300w, https:\/\/czapla2.pl\/wp-content\/uploads\/2026\/03\/M02A-768x543.jpg 768w, https:\/\/czapla2.pl\/wp-content\/uploads\/2026\/03\/M02A-1536x1086.jpg 1536w, https:\/\/czapla2.pl\/wp-content\/uploads\/2026\/03\/M02A.jpg 2000w\" sizes=\"auto, (max-width: 1024px) 100vw, 1024px\" \/><figcaption class=\"wp-element-caption\">M02A<\/figcaption><\/figure>\n\n\n\n<figure class=\"wp-block-image size-large\"><img loading=\"lazy\" decoding=\"async\" width=\"1024\" height=\"724\" data-id=\"566\" src=\"https:\/\/czapla2.pl\/wp-content\/uploads\/2026\/03\/M02B-1024x724.jpg\" alt=\"\" class=\"wp-image-566\" srcset=\"https:\/\/czapla2.pl\/wp-content\/uploads\/2026\/03\/M02B-1024x724.jpg 1024w, https:\/\/czapla2.pl\/wp-content\/uploads\/2026\/03\/M02B-300x212.jpg 300w, https:\/\/czapla2.pl\/wp-content\/uploads\/2026\/03\/M02B-768x543.jpg 768w, https:\/\/czapla2.pl\/wp-content\/uploads\/2026\/03\/M02B-1536x1086.jpg 1536w, https:\/\/czapla2.pl\/wp-content\/uploads\/2026\/03\/M02B.jpg 2000w\" sizes=\"auto, (max-width: 1024px) 100vw, 1024px\" \/><figcaption class=\"wp-element-caption\">M02B<\/figcaption><\/figure>\n\n\n\n<figure class=\"wp-block-image size-large\"><img loading=\"lazy\" decoding=\"async\" width=\"1024\" height=\"724\" data-id=\"567\" src=\"https:\/\/czapla2.pl\/wp-content\/uploads\/2026\/03\/M02C-1024x724.jpg\" alt=\"\" class=\"wp-image-567\" srcset=\"https:\/\/czapla2.pl\/wp-content\/uploads\/2026\/03\/M02C-1024x724.jpg 1024w, https:\/\/czapla2.pl\/wp-content\/uploads\/2026\/03\/M02C-300x212.jpg 300w, https:\/\/czapla2.pl\/wp-content\/uploads\/2026\/03\/M02C-768x543.jpg 768w, https:\/\/czapla2.pl\/wp-content\/uploads\/2026\/03\/M02C-1536x1086.jpg 1536w, https:\/\/czapla2.pl\/wp-content\/uploads\/2026\/03\/M02C.jpg 2000w\" sizes=\"auto, (max-width: 1024px) 100vw, 1024px\" \/><figcaption class=\"wp-element-caption\">M02C<\/figcaption><\/figure>\n\n\n\n<figure class=\"wp-block-image size-large\"><img loading=\"lazy\" decoding=\"async\" width=\"1024\" height=\"724\" data-id=\"568\" src=\"https:\/\/czapla2.pl\/wp-content\/uploads\/2026\/03\/M03A-1024x724.jpg\" alt=\"\" class=\"wp-image-568\" srcset=\"https:\/\/czapla2.pl\/wp-content\/uploads\/2026\/03\/M03A-1024x724.jpg 1024w, https:\/\/czapla2.pl\/wp-content\/uploads\/2026\/03\/M03A-300x212.jpg 300w, https:\/\/czapla2.pl\/wp-content\/uploads\/2026\/03\/M03A-768x543.jpg 768w, https:\/\/czapla2.pl\/wp-content\/uploads\/2026\/03\/M03A-1536x1086.jpg 1536w, https:\/\/czapla2.pl\/wp-content\/uploads\/2026\/03\/M03A.jpg 2000w\" sizes=\"auto, (max-width: 1024px) 100vw, 1024px\" \/><figcaption class=\"wp-element-caption\">M03A<\/figcaption><\/figure>\n\n\n\n<figure class=\"wp-block-image size-large\"><img loading=\"lazy\" decoding=\"async\" width=\"1024\" height=\"724\" data-id=\"569\" src=\"https:\/\/czapla2.pl\/wp-content\/uploads\/2026\/03\/M03B-1024x724.jpg\" alt=\"\" class=\"wp-image-569\" srcset=\"https:\/\/czapla2.pl\/wp-content\/uploads\/2026\/03\/M03B-1024x724.jpg 1024w, https:\/\/czapla2.pl\/wp-content\/uploads\/2026\/03\/M03B-300x212.jpg 300w, https:\/\/czapla2.pl\/wp-content\/uploads\/2026\/03\/M03B-768x543.jpg 768w, https:\/\/czapla2.pl\/wp-content\/uploads\/2026\/03\/M03B-1536x1086.jpg 1536w, https:\/\/czapla2.pl\/wp-content\/uploads\/2026\/03\/M03B.jpg 2000w\" sizes=\"auto, (max-width: 1024px) 100vw, 1024px\" \/><figcaption class=\"wp-element-caption\">M03B<\/figcaption><\/figure>\n<\/figure>\n<\/div>\n","protected":false},"excerpt":{"rendered":"<p>Inwestycja oferuje przysz\u0142ym mieszka\u0144com zr\u00f3\u017cnicowane typy apartament\u00f3w zlokalizowane w zabytkowym budynku oraz w nowoprojektowanym obiekcie. Mieszkania o metra\u017cach od 50 m2 do 120 m2 z kilkoma propozycjami uk\u0142ad\u00f3w pozwalaj\u0105 dostosowa\u0107 przestrze\u0144 pod swoje indywidualne potrzeby. Mieszkania zlokalizowane na parterze maj\u0105 dost\u0119p do prywatnych ogrod\u00f3w o powierzchni do 400 m2 natomiast lokale na wy\u017cszych kondygnacjach do [&hellip;]<\/p>\n","protected":false},"author":1,"featured_media":0,"parent":0,"menu_order":5,"comment_status":"closed","ping_status":"closed","template":"","meta":{"_acf_changed":false,"footnotes":""},"class_list":["post-8","page","type-page","status-publish","hentry"],"acf":[],"_links":{"self":[{"href":"https:\/\/czapla2.pl\/index.php?rest_route=\/wp\/v2\/pages\/8","targetHints":{"allow":["GET"]}}],"collection":[{"href":"https:\/\/czapla2.pl\/index.php?rest_route=\/wp\/v2\/pages"}],"about":[{"href":"https:\/\/czapla2.pl\/index.php?rest_route=\/wp\/v2\/types\/page"}],"author":[{"embeddable":true,"href":"https:\/\/czapla2.pl\/index.php?rest_route=\/wp\/v2\/users\/1"}],"replies":[{"embeddable":true,"href":"https:\/\/czapla2.pl\/index.php?rest_route=%2Fwp%2Fv2%2Fcomments&post=8"}],"version-history":[{"count":24,"href":"https:\/\/czapla2.pl\/index.php?rest_route=\/wp\/v2\/pages\/8\/revisions"}],"predecessor-version":[{"id":570,"href":"https:\/\/czapla2.pl\/index.php?rest_route=\/wp\/v2\/pages\/8\/revisions\/570"}],"wp:attachment":[{"href":"https:\/\/czapla2.pl\/index.php?rest_route=%2Fwp%2Fv2%2Fmedia&parent=8"}],"curies":[{"name":"wp","href":"https:\/\/api.w.org\/{rel}","templated":true}]}}